{"id":245,"date":"2016-05-02T17:28:14","date_gmt":"2016-05-02T15:28:14","guid":{"rendered":"https:\/\/www.lavoriagricoli4g.it\/es\/compattazione-silos\/"},"modified":"2016-07-19T16:55:19","modified_gmt":"2016-07-19T14:55:19","slug":"compactacion-de-silos","status":"publish","type":"page","link":"https:\/\/www.lavoriagricoli4g.it\/es\/compactacion-de-silos\/","title":{"rendered":"Compactaci\u00f3n de silos"},"content":{"rendered":"<section class=\"wpb-content-wrapper\"><p>[vc_row][vc_column][vc_column_text]<\/p>\n<h4>Utilizamos la mejor tecnolog\u00eda para el ensilaje.<\/h4>\n<p style=\"text-align: justify;\">Las prensas Kuhn est\u00e1n dise\u00f1ados para cumplir con un objetivo: construir un prensado muy fiable. El desempe\u00f1o en la pr\u00e1ctica, la calidad y la densidad de los rollos\u00a0son esenciales para la rentabilidad de las operaciones de prensado. Las prensas Kuhn integran funciones e innovaciones in\u00e9ditas que les dan una ventaja real desde el punto de vista del rendimiento, para una flexibilidad sin igual y un proceso de embalaje optimizado. Muy compacto y ligero, el combinado i-BIO es ideal para trabajar en los campos con pendiente.<\/p>\n<p>[\/vc_column_text][vc_column_text]<\/p>\n<h3>Ver los v\u00eddeos<\/h3>\n<p>[\/vc_column_text][\/vc_column][\/vc_row][vc_row][vc_column width=\u00bb1\/2&#8243;][vc_video link=\u00bbhttps:\/\/www.youtube.com\/watch?v=QZICG-2ootg&amp;feature=youtu.be\u00bb align=\u00bbcenter\u00bb][\/vc_column][vc_column width=\u00bb1\/2&#8243;][vc_video link=\u00bbhttps:\/\/www.youtube.com\/watch?v=xTvBa2hKAyo&amp;feature=youtu.be\u00bb align=\u00bbcenter\u00bb][\/vc_column][\/vc_row][vc_row][vc_column][vc_column_text]<\/p>\n<h2>Cont\u00e1ctanos<\/h2>\n<p>[\/vc_column_text]\n<div class=\"wpcf7 no-js\" id=\"wpcf7-f285-o1\" lang=\"it-IT\" dir=\"ltr\" data-wpcf7-id=\"285\">\n<div class=\"screen-reader-response\"><p role=\"status\" aria-live=\"polite\" aria-atomic=\"true\"><\/p> <ul><\/ul><\/div>\n<form action=\"\/es\/wp-json\/wp\/v2\/pages\/245#wpcf7-f285-o1\" method=\"post\" class=\"wpcf7-form init\" aria-label=\"Modulo di contatto\" novalidate=\"novalidate\" data-status=\"init\">\n<fieldset class=\"hidden-fields-container\"><input type=\"hidden\" name=\"_wpcf7\" value=\"285\" \/><input type=\"hidden\" name=\"_wpcf7_version\" value=\"6.1.5\" \/><input type=\"hidden\" name=\"_wpcf7_locale\" value=\"it_IT\" \/><input type=\"hidden\" name=\"_wpcf7_unit_tag\" value=\"wpcf7-f285-o1\" \/><input type=\"hidden\" name=\"_wpcf7_container_post\" value=\"0\" \/><input type=\"hidden\" name=\"_wpcf7_posted_data_hash\" value=\"\" \/><input type=\"hidden\" name=\"_wpcf7_recaptcha_response\" value=\"\" \/>\n<\/fieldset>\n<p>Tu nombre (requerido)\n<\/p>\n<p><span class=\"wpcf7-form-control-wrap\" data-name=\"your-name\"><input size=\"40\" maxlength=\"400\" class=\"wpcf7-form-control wpcf7-text wpcf7-validates-as-required\" aria-required=\"true\" aria-invalid=\"false\" value=\"\" type=\"text\" name=\"your-name\" \/><\/span>\n<\/p>\n<p>Tu direcci\u00f3n de correo electr\u00f3nico (requerido)\n<\/p>\n<p><span class=\"wpcf7-form-control-wrap\" data-name=\"your-email\"><input size=\"40\" maxlength=\"400\" class=\"wpcf7-form-control wpcf7-email wpcf7-validates-as-required wpcf7-text wpcf7-validates-as-email\" aria-required=\"true\" aria-invalid=\"false\" value=\"\" type=\"email\" name=\"your-email\" \/><\/span>\n<\/p>\n<p>Objeto\n<\/p>\n<p><span class=\"wpcf7-form-control-wrap\" data-name=\"your-subject\"><input size=\"40\" maxlength=\"400\" class=\"wpcf7-form-control wpcf7-text\" aria-invalid=\"false\" value=\"\" type=\"text\" name=\"your-subject\" \/><\/span>\n<\/p>\n<p>Tu mensaje\n<\/p>\n<p><span class=\"wpcf7-form-control-wrap\" data-name=\"your-message\"><textarea cols=\"40\" rows=\"10\" maxlength=\"2000\" class=\"wpcf7-form-control wpcf7-textarea\" aria-invalid=\"false\" name=\"your-message\"><\/textarea><\/span>\n<\/p>\n<p><input class=\"wpcf7-form-control wpcf7-submit has-spinner\" type=\"submit\" value=\"Enviar\" \/>\n<\/p><p style=\"display: none !important;\" class=\"akismet-fields-container\" data-prefix=\"_wpcf7_ak_\"><label>&#916;<textarea name=\"_wpcf7_ak_hp_textarea\" cols=\"45\" rows=\"8\" maxlength=\"100\"><\/textarea><\/label><input type=\"hidden\" id=\"ak_js_1\" name=\"_wpcf7_ak_js\" value=\"134\"\/><script>document.getElementById( \"ak_js_1\" ).setAttribute( \"value\", ( new Date() ).getTime() );<\/script><\/p><div class=\"wpcf7-response-output\" aria-hidden=\"true\"><\/div>\n<\/form>\n<\/div>\n[\/vc_column][\/vc_row]<\/p>\n<\/section>","protected":false},"excerpt":{"rendered":"<p>[vc_row][vc_column][vc_column_text] Utilizamos la mejor tecnolog\u00eda para el ensilaje. Las prensas Kuhn est\u00e1n dise\u00f1ados para cumplir con un objetivo: construir un prensado muy fiable. El desempe\u00f1o en [&hellip;]<\/p>\n","protected":false},"author":1,"featured_media":0,"parent":0,"menu_order":0,"comment_status":"closed","ping_status":"closed","template":"","meta":{"footnotes":""},"class_list":["post-245","page","type-page","status-publish","hentry"],"yoast_head":"<!-- This site is optimized with the Yoast SEO plugin v26.8 - https:\/\/yoast.com\/product\/yoast-seo-wordpress\/ -->\n<title>Compactaci\u00f3n de silos - 4G Lavori Agricoli<\/title>\n<meta name=\"robots\" content=\"index, follow, max-snippet:-1, max-image-preview:large, max-video-preview:-1\" \/>\n<link rel=\"canonical\" href=\"https:\/\/www.lavoriagricoli4g.it\/es\/compactacion-de-silos\/\" \/>\n<meta property=\"og:locale\" content=\"es_ES\" \/>\n<meta property=\"og:type\" content=\"article\" \/>\n<meta property=\"og:title\" content=\"Compactaci\u00f3n de silos - 4G Lavori Agricoli\" \/>\n<meta property=\"og:description\" content=\"[vc_row][vc_column][vc_column_text] Utilizamos la mejor tecnolog\u00eda para el ensilaje. Las prensas Kuhn est\u00e1n dise\u00f1ados para cumplir con un objetivo: construir un prensado muy fiable. El desempe\u00f1o en [&hellip;]\" \/>\n<meta property=\"og:url\" content=\"https:\/\/www.lavoriagricoli4g.it\/es\/compactacion-de-silos\/\" \/>\n<meta property=\"og:site_name\" content=\"4G Lavori Agricoli\" \/>\n<meta property=\"article:publisher\" content=\"https:\/\/www.facebook.com\/lavoriagricoli4g\" \/>\n<meta property=\"article:modified_time\" content=\"2016-07-19T14:55:19+00:00\" \/>\n<meta name=\"twitter:card\" content=\"summary_large_image\" \/>\n<meta name=\"twitter:label1\" content=\"Tiempo de lectura\" \/>\n\t<meta name=\"twitter:data1\" content=\"1 minuto\" \/>\n<script type=\"application\/ld+json\" class=\"yoast-schema-graph\">{\"@context\":\"https:\/\/schema.org\",\"@graph\":[{\"@type\":\"WebPage\",\"@id\":\"https:\/\/www.lavoriagricoli4g.it\/es\/compactacion-de-silos\/\",\"url\":\"https:\/\/www.lavoriagricoli4g.it\/es\/compactacion-de-silos\/\",\"name\":\"Compactaci\u00f3n de silos - 4G Lavori Agricoli\",\"isPartOf\":{\"@id\":\"https:\/\/www.lavoriagricoli4g.it\/es\/#website\"},\"datePublished\":\"2016-05-02T15:28:14+00:00\",\"dateModified\":\"2016-07-19T14:55:19+00:00\",\"breadcrumb\":{\"@id\":\"https:\/\/www.lavoriagricoli4g.it\/es\/compactacion-de-silos\/#breadcrumb\"},\"inLanguage\":\"es\",\"potentialAction\":[{\"@type\":\"ReadAction\",\"target\":[\"https:\/\/www.lavoriagricoli4g.it\/es\/compactacion-de-silos\/\"]}]},{\"@type\":\"BreadcrumbList\",\"@id\":\"https:\/\/www.lavoriagricoli4g.it\/es\/compactacion-de-silos\/#breadcrumb\",\"itemListElement\":[{\"@type\":\"ListItem\",\"position\":1,\"name\":\"Home\",\"item\":\"https:\/\/www.lavoriagricoli4g.it\/es\/\"},{\"@type\":\"ListItem\",\"position\":2,\"name\":\"Compactaci\u00f3n de silos\"}]},{\"@type\":\"WebSite\",\"@id\":\"https:\/\/www.lavoriagricoli4g.it\/es\/#website\",\"url\":\"https:\/\/www.lavoriagricoli4g.it\/es\/\",\"name\":\"4G Lavori Agricoli\",\"description\":\"Realizzazione lavori agricoli per conto terzi\",\"potentialAction\":[{\"@type\":\"SearchAction\",\"target\":{\"@type\":\"EntryPoint\",\"urlTemplate\":\"https:\/\/www.lavoriagricoli4g.it\/es\/?s={search_term_string}\"},\"query-input\":{\"@type\":\"PropertyValueSpecification\",\"valueRequired\":true,\"valueName\":\"search_term_string\"}}],\"inLanguage\":\"es\"}]}<\/script>\n<!-- \/ Yoast SEO plugin. -->","yoast_head_json":{"title":"Compactaci\u00f3n de silos - 4G Lavori Agricoli","robots":{"index":"index","follow":"follow","max-snippet":"max-snippet:-1","max-image-preview":"max-image-preview:large","max-video-preview":"max-video-preview:-1"},"canonical":"https:\/\/www.lavoriagricoli4g.it\/es\/compactacion-de-silos\/","og_locale":"es_ES","og_type":"article","og_title":"Compactaci\u00f3n de silos - 4G Lavori Agricoli","og_description":"[vc_row][vc_column][vc_column_text] Utilizamos la mejor tecnolog\u00eda para el ensilaje. Las prensas Kuhn est\u00e1n dise\u00f1ados para cumplir con un objetivo: construir un prensado muy fiable. El desempe\u00f1o en [&hellip;]","og_url":"https:\/\/www.lavoriagricoli4g.it\/es\/compactacion-de-silos\/","og_site_name":"4G Lavori Agricoli","article_publisher":"https:\/\/www.facebook.com\/lavoriagricoli4g","article_modified_time":"2016-07-19T14:55:19+00:00","twitter_card":"summary_large_image","twitter_misc":{"Tiempo de lectura":"1 minuto"},"schema":{"@context":"https:\/\/schema.org","@graph":[{"@type":"WebPage","@id":"https:\/\/www.lavoriagricoli4g.it\/es\/compactacion-de-silos\/","url":"https:\/\/www.lavoriagricoli4g.it\/es\/compactacion-de-silos\/","name":"Compactaci\u00f3n de silos - 4G Lavori Agricoli","isPartOf":{"@id":"https:\/\/www.lavoriagricoli4g.it\/es\/#website"},"datePublished":"2016-05-02T15:28:14+00:00","dateModified":"2016-07-19T14:55:19+00:00","breadcrumb":{"@id":"https:\/\/www.lavoriagricoli4g.it\/es\/compactacion-de-silos\/#breadcrumb"},"inLanguage":"es","potentialAction":[{"@type":"ReadAction","target":["https:\/\/www.lavoriagricoli4g.it\/es\/compactacion-de-silos\/"]}]},{"@type":"BreadcrumbList","@id":"https:\/\/www.lavoriagricoli4g.it\/es\/compactacion-de-silos\/#breadcrumb","itemListElement":[{"@type":"ListItem","position":1,"name":"Home","item":"https:\/\/www.lavoriagricoli4g.it\/es\/"},{"@type":"ListItem","position":2,"name":"Compactaci\u00f3n de silos"}]},{"@type":"WebSite","@id":"https:\/\/www.lavoriagricoli4g.it\/es\/#website","url":"https:\/\/www.lavoriagricoli4g.it\/es\/","name":"4G Lavori Agricoli","description":"Realizzazione lavori agricoli per conto terzi","potentialAction":[{"@type":"SearchAction","target":{"@type":"EntryPoint","urlTemplate":"https:\/\/www.lavoriagricoli4g.it\/es\/?s={search_term_string}"},"query-input":{"@type":"PropertyValueSpecification","valueRequired":true,"valueName":"search_term_string"}}],"inLanguage":"es"}]}},"_links":{"self":[{"href":"https:\/\/www.lavoriagricoli4g.it\/es\/wp-json\/wp\/v2\/pages\/245","targetHints":{"allow":["GET"]}}],"collection":[{"href":"https:\/\/www.lavoriagricoli4g.it\/es\/wp-json\/wp\/v2\/pages"}],"about":[{"href":"https:\/\/www.lavoriagricoli4g.it\/es\/wp-json\/wp\/v2\/types\/page"}],"author":[{"embeddable":true,"href":"https:\/\/www.lavoriagricoli4g.it\/es\/wp-json\/wp\/v2\/users\/1"}],"replies":[{"embeddable":true,"href":"https:\/\/www.lavoriagricoli4g.it\/es\/wp-json\/wp\/v2\/comments?post=245"}],"version-history":[{"count":3,"href":"https:\/\/www.lavoriagricoli4g.it\/es\/wp-json\/wp\/v2\/pages\/245\/revisions"}],"predecessor-version":[{"id":286,"href":"https:\/\/www.lavoriagricoli4g.it\/es\/wp-json\/wp\/v2\/pages\/245\/revisions\/286"}],"wp:attachment":[{"href":"https:\/\/www.lavoriagricoli4g.it\/es\/wp-json\/wp\/v2\/media?parent=245"}],"curies":[{"name":"wp","href":"https:\/\/api.w.org\/{rel}","templated":true}]}}