{"id":249,"date":"2016-04-30T08:08:06","date_gmt":"2016-04-30T06:08:06","guid":{"rendered":"https:\/\/www.lavoriagricoli4g.it\/es\/servizi\/"},"modified":"2016-07-19T17:07:57","modified_gmt":"2016-07-19T15:07:57","slug":"servicios","status":"publish","type":"page","link":"https:\/\/www.lavoriagricoli4g.it\/es\/servicios\/","title":{"rendered":"Servicios"},"content":{"rendered":"<section class=\"wpb-content-wrapper\"><p>[vc_row][vc_column][vc_column_text]<\/p>\n<h2 style=\"text-align: justify;\">Trabajos agr\u00edcolas tercerizados<\/h2>\n<p style=\"text-align: justify;\"><strong>4G Lavori Agricoli<\/strong> realiza trabajos agrarios en toda Italia y en el extranjero, ocup\u00e1ndose de\u00a0muchas etapas del proceso de producci\u00f3n: desde arar la tierra hasta cosechar sus frutos.<\/p>\n<p>[\/vc_column_text][\/vc_column][\/vc_row][vc_row][vc_column width=\u00bb1\/2&#8243;][vc_column_text]<\/p>\n<h2>Nuestros servicios<\/h2>\n<ul>\n<li>Nivelaci\u00f3n de terrenos<\/li>\n<li>Eliminaci\u00f3n de piedra en el suelo<\/li>\n<li>Arado<\/li>\n<li>Siembra<\/li>\n<li><a href=\"https:\/\/www.lavoriagricoli4g.it\/es\/compactacion-de-silos\/\">Compactaci\u00f3n di silos<\/a> ( Elaboraci\u00f3n\u00a0y venta en toda Italia)<\/li>\n<li>Picado \/ triturado<\/li>\n<li>Henificaci\u00f3n<\/li>\n<li>Trillado<\/li>\n<li>y otros trabajos mec\u00e1nico-agr\u00edcolas.<\/li>\n<\/ul>\n<p>[\/vc_column_text][\/vc_column][vc_column width=\u00bb1\/2&#8243;][vc_single_image image=\u00bb148&#8243; img_size=\u00bblarge\u00bb][\/vc_column][\/vc_row][vc_row][vc_column width=\u00bb1\/2&#8243;][vc_column_text]<\/p>\n<h4>Solicitar una cotizaci\u00f3n para calcular el precio del trabajo agr\u00edcola<\/h4>\n<p>Tenemos medios modernos y avanzados y planificamos con el cliente cada etapa del servicio, realizando\u00a0en los\u00a0tiempos previstos una amplia gama de operaciones.<\/p>\n<p>Si desea recibir m\u00e1s informaci\u00f3n sobre los costes de los trabajos agr\u00edcolas no dude en ponerse en contacto con nosotros para solicitar un presupuesto gratuito.[\/vc_column_text][\/vc_column][vc_column width=\u00bb1\/2&#8243;][vc_column_text]<\/p>\n<h4>Formulario de contacto<\/h4>\n<div class=\"wpcf7 no-js\" id=\"wpcf7-f285-o1\" lang=\"it-IT\" dir=\"ltr\" data-wpcf7-id=\"285\">\n<div class=\"screen-reader-response\"><p role=\"status\" aria-live=\"polite\" aria-atomic=\"true\"><\/p> <ul><\/ul><\/div>\n<form action=\"\/es\/wp-json\/wp\/v2\/pages\/249#wpcf7-f285-o1\" method=\"post\" class=\"wpcf7-form init\" aria-label=\"Modulo di contatto\" novalidate=\"novalidate\" data-status=\"init\">\n<fieldset class=\"hidden-fields-container\"><input type=\"hidden\" name=\"_wpcf7\" value=\"285\" \/><input type=\"hidden\" name=\"_wpcf7_version\" value=\"6.1.5\" \/><input type=\"hidden\" name=\"_wpcf7_locale\" value=\"it_IT\" \/><input type=\"hidden\" name=\"_wpcf7_unit_tag\" value=\"wpcf7-f285-o1\" \/><input type=\"hidden\" name=\"_wpcf7_container_post\" value=\"0\" \/><input type=\"hidden\" name=\"_wpcf7_posted_data_hash\" value=\"\" \/><input type=\"hidden\" name=\"_wpcf7_recaptcha_response\" value=\"\" \/>\n<\/fieldset>\n<p>Tu nombre (requerido)\n<\/p>\n<p><span class=\"wpcf7-form-control-wrap\" data-name=\"your-name\"><input size=\"40\" maxlength=\"400\" class=\"wpcf7-form-control wpcf7-text wpcf7-validates-as-required\" aria-required=\"true\" aria-invalid=\"false\" value=\"\" type=\"text\" name=\"your-name\" \/><\/span>\n<\/p>\n<p>Tu direcci\u00f3n de correo electr\u00f3nico (requerido)\n<\/p>\n<p><span class=\"wpcf7-form-control-wrap\" data-name=\"your-email\"><input size=\"40\" maxlength=\"400\" class=\"wpcf7-form-control wpcf7-email wpcf7-validates-as-required wpcf7-text wpcf7-validates-as-email\" aria-required=\"true\" aria-invalid=\"false\" value=\"\" type=\"email\" name=\"your-email\" \/><\/span>\n<\/p>\n<p>Objeto\n<\/p>\n<p><span class=\"wpcf7-form-control-wrap\" data-name=\"your-subject\"><input size=\"40\" maxlength=\"400\" class=\"wpcf7-form-control wpcf7-text\" aria-invalid=\"false\" value=\"\" type=\"text\" name=\"your-subject\" \/><\/span>\n<\/p>\n<p>Tu mensaje\n<\/p>\n<p><span class=\"wpcf7-form-control-wrap\" data-name=\"your-message\"><textarea cols=\"40\" rows=\"10\" maxlength=\"2000\" class=\"wpcf7-form-control wpcf7-textarea\" aria-invalid=\"false\" name=\"your-message\"><\/textarea><\/span>\n<\/p>\n<p><input class=\"wpcf7-form-control wpcf7-submit has-spinner\" type=\"submit\" value=\"Enviar\" \/>\n<\/p><p style=\"display: none !important;\" class=\"akismet-fields-container\" data-prefix=\"_wpcf7_ak_\"><label>&#916;<textarea name=\"_wpcf7_ak_hp_textarea\" cols=\"45\" rows=\"8\" maxlength=\"100\"><\/textarea><\/label><input type=\"hidden\" id=\"ak_js_1\" name=\"_wpcf7_ak_js\" value=\"161\"\/><script>document.getElementById( \"ak_js_1\" ).setAttribute( \"value\", ( new Date() ).getTime() );<\/script><\/p><div class=\"wpcf7-response-output\" aria-hidden=\"true\"><\/div>\n<\/form>\n<\/div>\n[\/vc_column_text][\/vc_column][\/vc_row]<\/p>\n<\/section>","protected":false},"excerpt":{"rendered":"<p>[vc_row][vc_column][vc_column_text] Trabajos agr\u00edcolas tercerizados 4G Lavori Agricoli realiza trabajos agrarios en toda Italia y en el extranjero, ocup\u00e1ndose de\u00a0muchas etapas del proceso de producci\u00f3n: desde arar [&hellip;]<\/p>\n","protected":false},"author":1,"featured_media":0,"parent":0,"menu_order":0,"comment_status":"closed","ping_status":"closed","template":"","meta":{"footnotes":""},"class_list":["post-249","page","type-page","status-publish","hentry"],"yoast_head":"<!-- This site is optimized with the Yoast SEO plugin v26.8 - https:\/\/yoast.com\/product\/yoast-seo-wordpress\/ -->\n<title>Servicios - 4G Lavori Agricoli<\/title>\n<meta name=\"robots\" content=\"index, follow, max-snippet:-1, max-image-preview:large, max-video-preview:-1\" \/>\n<link rel=\"canonical\" href=\"https:\/\/www.lavoriagricoli4g.it\/es\/servicios\/\" \/>\n<meta property=\"og:locale\" content=\"es_ES\" \/>\n<meta property=\"og:type\" content=\"article\" \/>\n<meta property=\"og:title\" content=\"Servicios - 4G Lavori Agricoli\" \/>\n<meta property=\"og:description\" content=\"[vc_row][vc_column][vc_column_text] Trabajos agr\u00edcolas tercerizados 4G Lavori Agricoli realiza trabajos agrarios en toda Italia y en el extranjero, ocup\u00e1ndose de\u00a0muchas etapas del proceso de producci\u00f3n: desde arar [&hellip;]\" \/>\n<meta property=\"og:url\" content=\"https:\/\/www.lavoriagricoli4g.it\/es\/servicios\/\" \/>\n<meta property=\"og:site_name\" content=\"4G Lavori Agricoli\" \/>\n<meta property=\"article:publisher\" content=\"https:\/\/www.facebook.com\/lavoriagricoli4g\" \/>\n<meta property=\"article:modified_time\" content=\"2016-07-19T15:07:57+00:00\" \/>\n<meta name=\"twitter:card\" content=\"summary_large_image\" \/>\n<meta name=\"twitter:label1\" content=\"Tiempo de lectura\" \/>\n\t<meta name=\"twitter:data1\" content=\"1 minuto\" \/>\n<script type=\"application\/ld+json\" class=\"yoast-schema-graph\">{\"@context\":\"https:\/\/schema.org\",\"@graph\":[{\"@type\":\"WebPage\",\"@id\":\"https:\/\/www.lavoriagricoli4g.it\/es\/servicios\/\",\"url\":\"https:\/\/www.lavoriagricoli4g.it\/es\/servicios\/\",\"name\":\"Servicios - 4G Lavori Agricoli\",\"isPartOf\":{\"@id\":\"https:\/\/www.lavoriagricoli4g.it\/es\/#website\"},\"datePublished\":\"2016-04-30T06:08:06+00:00\",\"dateModified\":\"2016-07-19T15:07:57+00:00\",\"breadcrumb\":{\"@id\":\"https:\/\/www.lavoriagricoli4g.it\/es\/servicios\/#breadcrumb\"},\"inLanguage\":\"es\",\"potentialAction\":[{\"@type\":\"ReadAction\",\"target\":[\"https:\/\/www.lavoriagricoli4g.it\/es\/servicios\/\"]}]},{\"@type\":\"BreadcrumbList\",\"@id\":\"https:\/\/www.lavoriagricoli4g.it\/es\/servicios\/#breadcrumb\",\"itemListElement\":[{\"@type\":\"ListItem\",\"position\":1,\"name\":\"Home\",\"item\":\"https:\/\/www.lavoriagricoli4g.it\/es\/\"},{\"@type\":\"ListItem\",\"position\":2,\"name\":\"Servicios\"}]},{\"@type\":\"WebSite\",\"@id\":\"https:\/\/www.lavoriagricoli4g.it\/es\/#website\",\"url\":\"https:\/\/www.lavoriagricoli4g.it\/es\/\",\"name\":\"4G Lavori Agricoli\",\"description\":\"Realizzazione lavori agricoli per conto terzi\",\"potentialAction\":[{\"@type\":\"SearchAction\",\"target\":{\"@type\":\"EntryPoint\",\"urlTemplate\":\"https:\/\/www.lavoriagricoli4g.it\/es\/?s={search_term_string}\"},\"query-input\":{\"@type\":\"PropertyValueSpecification\",\"valueRequired\":true,\"valueName\":\"search_term_string\"}}],\"inLanguage\":\"es\"}]}<\/script>\n<!-- \/ Yoast SEO plugin. -->","yoast_head_json":{"title":"Servicios - 4G Lavori Agricoli","robots":{"index":"index","follow":"follow","max-snippet":"max-snippet:-1","max-image-preview":"max-image-preview:large","max-video-preview":"max-video-preview:-1"},"canonical":"https:\/\/www.lavoriagricoli4g.it\/es\/servicios\/","og_locale":"es_ES","og_type":"article","og_title":"Servicios - 4G Lavori Agricoli","og_description":"[vc_row][vc_column][vc_column_text] Trabajos agr\u00edcolas tercerizados 4G Lavori Agricoli realiza trabajos agrarios en toda Italia y en el extranjero, ocup\u00e1ndose de\u00a0muchas etapas del proceso de producci\u00f3n: desde arar [&hellip;]","og_url":"https:\/\/www.lavoriagricoli4g.it\/es\/servicios\/","og_site_name":"4G Lavori Agricoli","article_publisher":"https:\/\/www.facebook.com\/lavoriagricoli4g","article_modified_time":"2016-07-19T15:07:57+00:00","twitter_card":"summary_large_image","twitter_misc":{"Tiempo de lectura":"1 minuto"},"schema":{"@context":"https:\/\/schema.org","@graph":[{"@type":"WebPage","@id":"https:\/\/www.lavoriagricoli4g.it\/es\/servicios\/","url":"https:\/\/www.lavoriagricoli4g.it\/es\/servicios\/","name":"Servicios - 4G Lavori Agricoli","isPartOf":{"@id":"https:\/\/www.lavoriagricoli4g.it\/es\/#website"},"datePublished":"2016-04-30T06:08:06+00:00","dateModified":"2016-07-19T15:07:57+00:00","breadcrumb":{"@id":"https:\/\/www.lavoriagricoli4g.it\/es\/servicios\/#breadcrumb"},"inLanguage":"es","potentialAction":[{"@type":"ReadAction","target":["https:\/\/www.lavoriagricoli4g.it\/es\/servicios\/"]}]},{"@type":"BreadcrumbList","@id":"https:\/\/www.lavoriagricoli4g.it\/es\/servicios\/#breadcrumb","itemListElement":[{"@type":"ListItem","position":1,"name":"Home","item":"https:\/\/www.lavoriagricoli4g.it\/es\/"},{"@type":"ListItem","position":2,"name":"Servicios"}]},{"@type":"WebSite","@id":"https:\/\/www.lavoriagricoli4g.it\/es\/#website","url":"https:\/\/www.lavoriagricoli4g.it\/es\/","name":"4G Lavori Agricoli","description":"Realizzazione lavori agricoli per conto terzi","potentialAction":[{"@type":"SearchAction","target":{"@type":"EntryPoint","urlTemplate":"https:\/\/www.lavoriagricoli4g.it\/es\/?s={search_term_string}"},"query-input":{"@type":"PropertyValueSpecification","valueRequired":true,"valueName":"search_term_string"}}],"inLanguage":"es"}]}},"_links":{"self":[{"href":"https:\/\/www.lavoriagricoli4g.it\/es\/wp-json\/wp\/v2\/pages\/249","targetHints":{"allow":["GET"]}}],"collection":[{"href":"https:\/\/www.lavoriagricoli4g.it\/es\/wp-json\/wp\/v2\/pages"}],"about":[{"href":"https:\/\/www.lavoriagricoli4g.it\/es\/wp-json\/wp\/v2\/types\/page"}],"author":[{"embeddable":true,"href":"https:\/\/www.lavoriagricoli4g.it\/es\/wp-json\/wp\/v2\/users\/1"}],"replies":[{"embeddable":true,"href":"https:\/\/www.lavoriagricoli4g.it\/es\/wp-json\/wp\/v2\/comments?post=249"}],"version-history":[{"count":5,"href":"https:\/\/www.lavoriagricoli4g.it\/es\/wp-json\/wp\/v2\/pages\/249\/revisions"}],"predecessor-version":[{"id":287,"href":"https:\/\/www.lavoriagricoli4g.it\/es\/wp-json\/wp\/v2\/pages\/249\/revisions\/287"}],"wp:attachment":[{"href":"https:\/\/www.lavoriagricoli4g.it\/es\/wp-json\/wp\/v2\/media?parent=249"}],"curies":[{"name":"wp","href":"https:\/\/api.w.org\/{rel}","templated":true}]}}